{"id":22,"date":"2018-05-29T15:39:58","date_gmt":"2018-05-29T15:39:58","guid":{"rendered":"http:\/\/korakom.net\/?page_id=22"},"modified":"2021-02-19T08:52:46","modified_gmt":"2021-02-19T08:52:46","slug":"kompetenzen","status":"publish","type":"page","link":"https:\/\/korakom.net\/?page_id=22","title":{"rendered":"Kompetenzen"},"content":{"rendered":"<p>Gerne kombinieren wir unsere Kompetenzen gewinnbringend f\u00fcr Kunden und Partner, und garantieren dabei Chefbehandlung. Wenn n\u00f6tig, erg\u00e4nzen wir das Team um hervorragende Projektkr\u00e4fte und Spezialexpertisen aus unserem Netzwerk. Unsere Spezialgebiete: Maschinenbau, Logistik, Automobil, Sport, Telekommunikation.<\/p>\n<p><strong>Entwickeln<\/strong><\/p>\n<p>Wir entwickeln mit Ihnen Ihre Kommunikations- und Medienkampagnen. Idee, Konzeption, \u00dcberleitung in die Projektphase, Umsetzung in Live-Kommunikation? Bekommen Sie alles von uns. Genauso wie handgemachte Medienarbeit: Wir sind Ansprechpartner f\u00fcr Medienvertreter, organisieren Ihre Pressekonferenz oder betreuen als Medienagentur Ihre Veranstaltung.<\/p>\n<p><strong>Begleiten &amp; Beraten<\/strong><\/p>\n<p>Aus unserer Erfahrung heraus entwickeln und begleiten wir sowohl in der Industrie als auch im Sport Sponsoring-Engagements und Kommunikations-Kampagnen. Ideen sind das eine, aber auf welchem Weg erreichen diese ihre Zielgruppen? Wir beantworten auch Ihre Frage: \u201eWas bringt das alles f\u00fcr mein Unternehmen \u00fcberhaupt?\u201c Eventuell wollen Sie dann die Antwort gar nicht h\u00f6ren, aber sie wird Ihnen auf jeden Fall helfen.<\/p>\n<p><strong>Projekte &amp; Probleme l\u00f6sen<\/strong><\/p>\n<p>Sie entwickeln gerade ein Projekt und brauchen jemanden, der Ihnen die Gewerke sortiert, Angebote einsch\u00e4tzt, das Ganze am besten auch noch in Gang setzt und schlie\u00dflich zum Erfolg f\u00fchrt, als Leitung, in der Regie, beim Ablauf? Wir verf\u00fcgen in der Live-Kommunikation \u00fcber weitreichende Erfahrung sowohl aus mittelgro\u00dfen, selbstinitiierten Projekten als auch als leitende K\u00f6pfe in der Steuerung umfangreicherer Herausforderungen.<\/p>\n<p><strong>Medienarbeit<\/strong><\/p>\n<p>Wir sch\u00e4len aus Ihren Kommunikations-Bed\u00fcrfnissen die Inhalte heraus, bringen sie zum Leuchten und sorgen f\u00fcr die passenden Botschaften und Themen. In der anschlie\u00dfenden Umsetzung\u00a0bieten wir Ihnen ma\u00dfgeschneiderte Pressemitteilungen ebenso wie Q&amp;As, Reden, Hintergrundinformationen, Texte f\u00fcr On- und Offline-Kommunikation, Awardeinreichungen, Websites oder Sonderformate. Gemeinsam mit Ihnen erarbeiten wir Inhalte f\u00fcr Sonderver\u00f6ffentlichungen und betreuen diese anschlie\u00dfend als Projekt vom Text \u00fcber Layout und Schlussredaktion bis hin zum Druck und Versand.<\/p>\n<p>Und wir erledigen die Bewegtbild-Komponente gleich mit. \u00a0Produktion, Schnitt und Kommentar. Vom 30 Sek\u00fcnder bis zur Dokumentation. Informativ, witzig oder unterhaltend \u2013 oder alles zugleich.<\/p>\n<p><strong>Moderation &amp; Coaching<\/strong><\/p>\n<p>Seit mehr als 15 Jahren moderiert Jens Koralewski auf gro\u00dfen und kleinen B\u00fchnen dieser Welt. Manchmal tagelang. Der Anfang war ein Zufall, das Ende ist noch nicht abzusehen. Sportveranstaltungen, Tagesevents, Messen, Buch- und Filmpremieren, Diskussionsrunden. Gerne gibt er seine Erfahrung weiter. An Politiker, Gesch\u00e4ftsf\u00fchrer, Vorst\u00e4nde oder einfach Menschen, die das Handwerk erlernen wollen. Als Berater oder Trainer. \u00a0<a href=\"http:\/\/korakom.net\/?p=81\">Die Belege<\/a><\/p>\n","protected":false},"excerpt":{"rendered":"<p>Gerne kombinieren wir unsere Kompetenzen gewinnbringend f\u00fcr Kunden und Partner, und garantieren dabei Chefbehandlung. Wenn n\u00f6tig, erg\u00e4nzen wir das Team um hervorragende Projektkr\u00e4fte und Spezialexpertisen aus unserem Netzwerk. Unsere Spezialgebiete: Maschinenbau, Logistik, Automobil, Sport, Telekommunikation. Entwickeln Wir entwickeln mit Ihnen Ihre Kommunikations- und Medienkampagnen. Idee, Konzeption, \u00dcberleitung in die Projektphase, Umsetzung in Live-Kommunikation? Bekommen Sie &hellip; <\/p>\n<p class=\"link-more\"><a href=\"https:\/\/korakom.net\/?page_id=22\" class=\"more-link\"><span class=\"screen-reader-text\">\u201eKompetenzen\u201c <\/span>weiterlesen<\/a><\/p>\n","protected":false},"author":1,"featured_media":0,"parent":0,"menu_order":0,"comment_status":"closed","ping_status":"closed","template":"","meta":{"footnotes":""},"class_list":["post-22","page","type-page","status-publish","hentry"],"_links":{"self":[{"href":"https:\/\/korakom.net\/index.php?rest_route=\/wp\/v2\/pages\/22","targetHints":{"allow":["GET"]}}],"collection":[{"href":"https:\/\/korakom.net\/index.php?rest_route=\/wp\/v2\/pages"}],"about":[{"href":"https:\/\/korakom.net\/index.php?rest_route=\/wp\/v2\/types\/page"}],"author":[{"embeddable":true,"href":"https:\/\/korakom.net\/index.php?rest_route=\/wp\/v2\/users\/1"}],"replies":[{"embeddable":true,"href":"https:\/\/korakom.net\/index.php?rest_route=%2Fwp%2Fv2%2Fcomments&post=22"}],"version-history":[{"count":8,"href":"https:\/\/korakom.net\/index.php?rest_route=\/wp\/v2\/pages\/22\/revisions"}],"predecessor-version":[{"id":170,"href":"https:\/\/korakom.net\/index.php?rest_route=\/wp\/v2\/pages\/22\/revisions\/170"}],"wp:attachment":[{"href":"https:\/\/korakom.net\/index.php?rest_route=%2Fwp%2Fv2%2Fmedia&parent=22"}],"curies":[{"name":"wp","href":"https:\/\/api.w.org\/{rel}","templated":true}]}}