{"id":18,"date":"2018-05-29T15:30:01","date_gmt":"2018-05-29T15:30:01","guid":{"rendered":"http:\/\/korakom.net\/?page_id=18"},"modified":"2021-02-19T09:08:19","modified_gmt":"2021-02-19T09:08:19","slug":"neues","status":"publish","type":"page","link":"https:\/\/korakom.net\/?page_id=18","title":{"rendered":"Referenzen"},"content":{"rendered":"<p><strong>Ein Herz, das von Herzen kommt: Pixelfassade \u00a0f\u00fcr K\u00f6ln<\/strong><\/p>\n<p>Seit Aschermittwoch zieren Herz und Kreuz die komplette Fassade eines Hochhauses am K\u00f6lner Hohenzollernring 62. Die \u00a0K\u00f6lner Designagentur \u201estudio polylog\u201c setzt ein positives Zeichen f\u00fcr alle K\u00f6lnerinnen und K\u00f6lner, die unter den Einschr\u00e4nkungen der Pandemie leiden. \u00a0Kreativdirektor Prof. Christopher Ledwig: &#8222;Alle \u00e4chzen unter der Pandemie, sind isoliert, im Hamsterrad zwischen Familie und Beruf. Uns ging es vor allem darum, den Menschen im Vorbeigehen ein L\u00e4cheln aufs Gesicht zu zaubern und sich zu erinnern, warum es Sinn macht, zu Hause zu bleiben. Es bietet jedem einen Moment zu verweilen und die Gelegenheit, dabei der vielen Toten zu gedenken.\u201c Wir haben ein bisschen mitgeholfen, die Lichtinstallation in die Medien zu bringen. Ein Herz, das eben von Herzen kommt.<\/p>\n<p><img loading=\"lazy\" decoding=\"async\" class=\"aligncenter wp-image-172 size-full\" src=\"http:\/\/korakom.net\/wp-content\/uploads\/2021\/02\/210218_studio-polylog_HZR62_Friesenplatz_Nacht.jpg\" alt=\"\" width=\"1200\" height=\"800\" srcset=\"https:\/\/korakom.net\/wp-content\/uploads\/2021\/02\/210218_studio-polylog_HZR62_Friesenplatz_Nacht.jpg 1200w, https:\/\/korakom.net\/wp-content\/uploads\/2021\/02\/210218_studio-polylog_HZR62_Friesenplatz_Nacht-300x200.jpg 300w, https:\/\/korakom.net\/wp-content\/uploads\/2021\/02\/210218_studio-polylog_HZR62_Friesenplatz_Nacht-1024x683.jpg 1024w, https:\/\/korakom.net\/wp-content\/uploads\/2021\/02\/210218_studio-polylog_HZR62_Friesenplatz_Nacht-768x512.jpg 768w, https:\/\/korakom.net\/wp-content\/uploads\/2021\/02\/210218_studio-polylog_HZR62_Friesenplatz_Nacht-272x182.jpg 272w\" sizes=\"auto, (max-width: 706px) 89vw, (max-width: 767px) 82vw, 740px\" \/><\/p>\n<p>Foto: studio polylog<\/p>\n<p>Zum Projekt Pixelfassade f\u00fcr K\u00f6ln von studio polylog geht es <a href=\"https:\/\/www.studio-polylog.com\/projekte\/pixelfassade-fuer-koeln\">hier<\/a><\/p>\n<p><span style=\"font-weight: 600;\">Strategieimplementierung, neues Logo, neue Wege auf den Punkt gebracht<\/span><\/p>\n<p>Wer ist RWT\u00dcV? Was macht die Unternehmensgruppe besonders? Und: In welcher Form kann mit der Strategieimplementierung gleich das neue Logo erlebbar gemacht und das alles zusammen den Kunden und Mitarbeitern vermitteln werden? Dies war unsere Aufgabenstellung. Entstanden ist in Zusammenarbeit mit unserem Auftraggeber und mit dem K\u00f6lner Mediendesigner Ralf Schr\u00f6der u. a. ein Animationsfilm, der die entwickelten Kern-Aussagen rund um den Claim des RWT\u00dcV \u201eAuch in Zukunft Werte schaffen\u201c mit Bildern verkn\u00fcpft. korakom hat das Projekt inhaltlich auf den Punkt gebracht, in deutscher und englischer Sprache, Ralf Schr\u00f6der hat es animiert.<\/p>\n<div style=\"width: 525px;\" class=\"wp-video\"><video class=\"wp-video-shortcode\" id=\"video-18-1\" width=\"525\" height=\"295\" loop preload=\"auto\" controls=\"controls\"><source type=\"video\/mp4\" src=\"http:\/\/korakom.net\/wp-content\/uploads\/2021\/01\/rw_ani_variante_extern_d_FINAL.mp4?_=1\" \/><a href=\"http:\/\/korakom.net\/wp-content\/uploads\/2021\/01\/rw_ani_variante_extern_d_FINAL.mp4\">http:\/\/korakom.net\/wp-content\/uploads\/2021\/01\/rw_ani_variante_extern_d_FINAL.mp4<\/a><\/video><\/div>\n<p>Die neu strukturierte Seite: <a href=\"https:\/\/www.rwtuev.de\">rwtuev.de<\/a><\/p>\n<p><strong>Die Disziplin der Champions. Meisterschaften der Staplerfahrer. Immer wieder!<\/strong><\/p>\n<p>2014 zum Beispiel wurde es weltmeisterlich: Der 10. StaplerCup erlebte sein gro\u00dfes Finale in Aschaffenburg nach regionalen Meisterschaften und nationalen Vorausscheidungen. Fahrer aus 18 Nationen, Firmen-Team-Meister, Deutscher Meister, Team-Weltmeister. Und erstmals eine \u201eChampion of the World\u201c im Einzel. Auf dem Programm: Symposium, Ausstellung, Christina St\u00fcrmer, Oliver Kahn, Henry Maske, Doro Gelmar, Linde Funky Souls, und, und und &#8230;<\/p>\n<p>Beim StaplerCup waren wir nicht nur mitverantwortlich f\u00fcr Idee, Konzept und Organisation, sondern auch f\u00fcr Medienarbeit, Bewegtbild-Produktion, News-Verbreitung, Partner-Gewinnung mit Continental, Westfalen AG, BGHW, DGUV, alle Reden, das Presseb\u00fcro, die Moderation. Es kommen und freuen sich jedes Jahr wieder zwischen 10.000 und 17.000 Zuschauer an den drei Tagen. Wir mittendrin. So liebten wir das bis Ende des ersten Corona-Jahres. In 2019 zum 15. Mal &#8211; und tats\u00e4chlich wieder mit World Championships und schon zum 5. Mal mit der Frauen-Meisterschaft &#8211; und mit noch mehr Firmen.<\/p>\n<p>Und da war ja noch &#8230; Bedienerfreundlich. Modern. International ausbaubar. Leicht editierbar. Responsive. So sollte die Stapler-Cup-Website werden. Das haben wir daraus gemacht: viel Inhalt, gute Funktionalit\u00e4t. Das Ergebnis konnte sich sehen lassen und kam gut an. Jetzt immer noch, aber nun sind die Inhalte wieder unters optische Linde-Dach geschl\u00fcpft.<\/p>\n<p>Impressionen: <a href=\"https:\/\/www.staplercup.com\/de\/\">staplercup.com<\/a><\/p>\n<p><strong>Das Projekt: Und am n\u00e4chsten Morgen war Gigaset 25 Prozent mehr wert<\/strong><\/p>\n<p>Gigaset brachte das erste Smartphone auf den Markt. Die ME-Serie. Und wir waren mittendrin. In der Projektleitung f\u00fcr die Kommunikation zum Markteintritt. \u00a0Als Teil von Ketchum Pleon, in Zusammenarbeit mit BBDO. \u00a0Storyline entwickeln, Kernaussagen definieren, Eventinhalte entwickeln, Reden schreiben, Redner briefen, \u00a0Reden einstudieren, bis hin zur Ablauf-Regie zum Produktlounge Ende August 2015. Das Resultat? Die Aktie stieg am kommenden Tag um gut 25 Prozent.<\/p>\n<p><strong>White man can dinner&#8230;<\/strong><\/p>\n<p>Geht? Geht nicht? Hat so noch keiner gemacht, also lass es uns machen. So entstand das HAFENDINNER IN WEISS. Immer gemeinsam mit Marco und SPE Management. Es war unsere Idee und unsere Projekt-Umsetzung. Inklusive Kassensystem, Webauftritt unter hafendinner.de und \u201eHastdunichtgesehen\u201c.\u00a0 Facts and Fiction hat es uns als Auftraggeber m\u00f6glich gemacht. \u00dcber 1.500 Menschen in wei\u00df zur Er\u00f6ffnung des Rheinauhafens in K\u00f6ln. Was f\u00fcr ein Fest; was f\u00fcr ein Spa\u00df. Als Initiatoren, als Umsetzer, als Freudebereiter.<\/p>\n<p>Hier die ber\u00fchmten Kollegen von <a href=\"https:\/\/www.factsfiction.de\">facts and fiction<\/a><\/p>\n<p><strong>Unser Lieblingsplatz<\/strong><\/p>\n<p>Fr\u00fcher &#8222;Mein lieber Scholz&#8220;. Unser Lieblingsplatz in Frechen. Die angesagte Espressobar. Eine stimmige Geschichte mit dem besten Kaffee aus K\u00f6ln. Hier d\u00fcrfen wir uns austoben: Klamotten, Schmuck, Lesungen, Konzerte, Marketing mit Augenma\u00df. Et l\u00e4uft. Familie verpflichtet! Zum Verlieben. Dann der Umzug, jetzt K\u00f6ln, D\u00fcrener Str. 88, Cafe Zweiblatt..<\/p>\n<p>Mal reinschmecken? Auf ins <a href=\"http:\/\/cafezweiblatt.koeln\/\">Cafe Zweiblatt<\/a><\/p>\n<p><strong>Licht aus! WOMH an!<\/strong><\/p>\n<p>Linde Material Handling hatte sich erstmals f\u00fcr eine Hausmesse entschieden, als Marktf\u00fchrer. Das Ergebnis: Die World of Material Handling auf dem Messegel\u00e4nde in Mainz. Rund 6.000 Kunden, Interessenten, Journalisten und Mitarbeiter aus \u00fcber 40 L\u00e4ndern sollten Innovationen erleben, Produkte erfahren, ausprobieren. In die Diskussion mit den Experten einsteigen. Von uns kam der \u201eFocus on tomorrow&#8220; mit der Produktshow \u201eChampions of Material Handling\u201c, von der Choreographie \u00fcber die Produktionsleitung bis zur Moderation. So konnten neuen Features verstanden werden, Ideen entstehen, Verbindungen wachsen. Material Handling wurde erlebbar.<\/p>\n<p><strong>Gemeinsam geht viel mehr!<\/strong><\/p>\n<p>Ein Ausweis f\u00fcr den deutschen Sport. Der Deutsche Sportausweis. Aus dem Sport f\u00fcr den Sport. Wir sind Sport. Mit uns hatte sich der Sportausweis nicht allein optisch und strukturell sondern vor allem inhaltlich weiter entwickelt. Jedenfalls zwischenzeitlich.\u00a0Klare Aussage, klare Hilfe. Gemeinsam ginge viel mehr, wenn man gut beraten ist&#8230; Aber auch nur dann.<\/p>\n<p>Zur Inspiration:\u00a0<a href=\"https:\/\/www.sportausweis.de\/Home\">sportausweis.de<\/a><\/p>\n<p><strong>Legen Sie Ihr Geld in Urlaub an? Aber sicher!<\/strong><\/p>\n<p>Stellen Sie sich einmalmal vor, es g\u00e4be eine M\u00f6glichkeit f\u00fcr Sie, auf einen Schlag weltweit Eigentum an den sch\u00f6nsten Stellen zu besitzen. Sie w\u00fcrden Ihren Urlaub dort verbringen. Ihre Familie k\u00f6nnte dabei sein. Ihre Freunde. Wie Sie es w\u00fcnschen. Sie w\u00fcrden pers\u00f6nlich betreut werden. Voller Charme, voller H\u00f6flichkeit. Bei der Planung Ihres Urlaubs, bei der Anreise, vor Ort. Sie genie\u00dfen Ihren Luxusrlaub und im Hintergrund arbeitet ihr Verm\u00f6gen. Egal ob es Skilaufen in der Schweiz oder Japan ist, die Sonne S\u00fcdafrikas oder das schmeichelnde Blau des Mittelmeeres. Geld in Urlaub anlegen? Aber sicher! Und Sie haben es gemacht. Gl\u00fcckspilz. So was gibt es nicht? Doch, Sie werden dar\u00fcber lesen&#8230;<\/p>\n<p>Zur Inspiration: der\u00a0<a href=\"https:\/\/www.thehideawaysclub.com\/de\/\">Hideawaysclub<\/a><\/p>\n<p><strong>Erleben Sie Zukunft!<\/strong><\/p>\n<p>Er hatte das Auto erfunden, den Motor, den Verbrenner. \u00dcber 100 Jahre her ist das. Sie haben den Stapler ber\u00fchmt gemacht. Die Hydrostatik erfunden, Elektroantriebe entwickelt und im Markt etabliert. Seit mehr als 40 Jahren. Dann haben Sie sich seinem Thema angenommen. Jetzt treiben Motoren aus Stapler Autos an, das schnellste Elektro-Kart der Welt, die st\u00e4rksten Maschinen. Unglaublich? N\u00f6, aber Linde Material Handling. E-Motion oder Emotion? Wir zeigen und pr\u00e4sentieren Ihnen beides.<\/p>\n<p>Zur Inspiration:\u00a0<a href=\"https:\/\/www.linde-mh.com\/en\/About-us\/Innovations-from-Linde\/Emotion\/\">linde-mh-emotion.com<\/a><\/p>\n<p><strong>Hai ei ei, schauen Sie zur\u00fcck!<\/strong><\/p>\n<p>Die K\u00f6lner Haie. 40 Jahre alt. Einer der erfolgreichsten deutschen Eishockey-Klubs. 8mal Meister, 6mal Vize, europ\u00e4ischer Vize. Sieger des legend\u00e4ren Spengler-Cups. Seit beinahe 15 Jahren beheimatet in der mehr als 18.000 Zuschauer fassenden Lanxess-Arena. Einer der gro\u00dfen Zuschauermagneten im europ\u00e4ischen Sport.\u00a0Marathonspiele, Meisterfeiern, Tr\u00e4nen des Abschieds und der Freude.\u00a0Die Haie sind 40. In Deutschland legend\u00e4r und in K\u00f6ln eine Institution. Wir haben die DVD dazu gemacht, Storyboard, Script, Redaktion und Kamera. Mit der TV Schmiede, als gemeinsamer Herausgeber die Edition Steffan.<\/p>\n<p>Zur Inspiration:\u00a0<a href=\"http:\/\/www.edition-steffan.de\/?index=kec\">kec-der-film.de\u00a0\u00a0\u00a0<\/a><\/p>\n","protected":false},"excerpt":{"rendered":"<p>Ein Herz, das von Herzen kommt: Pixelfassade \u00a0f\u00fcr K\u00f6ln Seit Aschermittwoch zieren Herz und Kreuz die komplette Fassade eines Hochhauses am K\u00f6lner Hohenzollernring 62. Die \u00a0K\u00f6lner Designagentur \u201estudio polylog\u201c setzt ein positives Zeichen f\u00fcr alle K\u00f6lnerinnen und K\u00f6lner, die unter den Einschr\u00e4nkungen der Pandemie leiden. \u00a0Kreativdirektor Prof. Christopher Ledwig: &#8222;Alle \u00e4chzen unter der Pandemie, sind &hellip; <\/p>\n<p class=\"link-more\"><a href=\"https:\/\/korakom.net\/?page_id=18\" class=\"more-link\"><span class=\"screen-reader-text\">\u201eReferenzen\u201c <\/span>weiterlesen<\/a><\/p>\n","protected":false},"author":1,"featured_media":0,"parent":0,"menu_order":0,"comment_status":"closed","ping_status":"closed","template":"","meta":{"footnotes":""},"class_list":["post-18","page","type-page","status-publish","hentry"],"_links":{"self":[{"href":"https:\/\/korakom.net\/index.php?rest_route=\/wp\/v2\/pages\/18","targetHints":{"allow":["GET"]}}],"collection":[{"href":"https:\/\/korakom.net\/index.php?rest_route=\/wp\/v2\/pages"}],"about":[{"href":"https:\/\/korakom.net\/index.php?rest_route=\/wp\/v2\/types\/page"}],"author":[{"embeddable":true,"href":"https:\/\/korakom.net\/index.php?rest_route=\/wp\/v2\/users\/1"}],"replies":[{"embeddable":true,"href":"https:\/\/korakom.net\/index.php?rest_route=%2Fwp%2Fv2%2Fcomments&post=18"}],"version-history":[{"count":19,"href":"https:\/\/korakom.net\/index.php?rest_route=\/wp\/v2\/pages\/18\/revisions"}],"predecessor-version":[{"id":173,"href":"https:\/\/korakom.net\/index.php?rest_route=\/wp\/v2\/pages\/18\/revisions\/173"}],"wp:attachment":[{"href":"https:\/\/korakom.net\/index.php?rest_route=%2Fwp%2Fv2%2Fmedia&parent=18"}],"curies":[{"name":"wp","href":"https:\/\/api.w.org\/{rel}","templated":true}]}}